{"id":78,"date":"2018-02-28T18:52:15","date_gmt":"2018-02-28T17:52:15","guid":{"rendered":"http:\/\/neu.vfl-zehlendorf.de\/?page_id=78"},"modified":"2026-04-16T16:42:42","modified_gmt":"2026-04-16T14:42:42","slug":"beitraege","status":"publish","type":"page","link":"https:\/\/vfl-zehlendorf.de\/beitraege\/","title":{"rendered":"Informationen zur Mitgliedschaft"},"content":{"rendered":"<h2>Aufnahme<\/h2>\n<p>Die Anmeldung erfolgt \u00fcber das <a href=\"https:\/\/m.netxp-verein.de\/10688\">Onlineformular<\/a>. Die Aufnahmegeb\u00fchr und die aktuellen Beitr\u00e4ge entnehmen Sie bitte der <a href=\"https:\/\/vfl-zehlendorf.de\/umbau\/?page_id=1819\">Beitragsordnung<\/a>.<\/p>\n<p>M\u00f6chten Sie ein Anmeldeformular, welches Sie per Hand ausf\u00fcllen k\u00f6nnen, so wenden Sie sich bitte an die Gesch\u00e4ftsstelle:<\/p>\n<p><a class=\"moz-txt-link-abbreviated mailto-link\" href=\"mailto:geschaeftsstelle@vfl-zehlendorf.de\" target=\"_blank\" rel=\"noopener\">geschaeftsstelle@vfl-zehlendorf.de<\/a><\/p>\n<div>Nach der Anmeldung erhalten Sie eine Best\u00e4tigung von der Gesch\u00e4ftsstelle.<\/div>\n<h2><\/h2>\n<h2>Beitr\u00e4ge<\/h2>\n<div id=\"content\">\n<div class=\"post\">\n<div class=\"entry\">\n<p>Siehe <a href=\"https:\/\/vfl-zehlendorf.de\/umbau\/?page_id=1819\">Beitragsordnung<\/a><\/p>\n<p>Kontoverbindung VfL Zehlendorf e.V.:<\/p>\n<p>Mittelbrandenburgische Sparkasse<br \/>\nIBAN DE44 1605 0000 1000 5468 09<br \/>\nBIC WELADED1PMB<\/p>\n<h2>Adress\u00e4nderungen<\/h2>\n<p>Teilen Sie bitte Adress\u00e4nderungen und auch Ihre <strong>aktuelle E-Mail-Adresse<\/strong> immer schnellstens der Gesch\u00e4ftsstelle mit; es ist zeit- und kostenaufwendig, die neue Anschrift zu ermitteln. Vor allem k\u00f6nnen Sie wichtige Informationen dann rechtzeitig erreichen.<\/p>\n<h2>K\u00fcndigung<\/h2>\n<p class=\"ox-589735d24a-MsoNormal\"><span style=\"color: #000000;\">Der Austritt ist nur zum <b>30.6. <\/b>oder <b>31.12.<\/b> eines Jahres m\u00f6glich und ist jeweils <b>1 Monat vorher<\/b> (zum 31.5. oder 30.11.) schriftlich per E-Mail an die Gesch\u00e4ftsstelle oder an die Postanschrift<b> <\/b><\/span><\/p>\n<div><strong>VfL Zehlendorf e.V.<\/strong><\/div>\n<div><strong>Postfach 37 04 01<\/strong><\/div>\n<div>\n<p><strong>14134 Berlin<\/strong><\/p>\n<p><span style=\"color: #000000; font-size: 15px;\">zu richten.\u00a0\u00a0<\/span><\/p>\n<\/div>\n<p class=\"ox-589735d24a-MsoNormal\"><span style=\"color: #000000;\">Die K\u00fcndigung wird <b>stets <\/b>von der Gesch\u00e4ftsstelle <b>schriftlich best\u00e4tigt<\/b>.\u00a0 <\/span><span style=\"color: #000000;\">Sollten Sie innerhalb von 14 Tagen keine Best\u00e4tigung erhalten haben, fragen Sie bitte nach. \u00a0<\/span><span style=\"color: #000000;\">Wir weisen explizit darauf hin, dass m\u00fcndliche Absprachen mit Trainern und \u00dcbungsleitern keine G\u00fcltigkeit haben!<\/span><\/p>\n<\/div>\n<\/div>\n<\/div>\n<div><\/div>\n","protected":false},"excerpt":{"rendered":"<p>Aufnahme Die Anmeldung erfolgt \u00fcber das Onlineformular. Die Aufnahmegeb\u00fchr und die aktuellen Beitr\u00e4ge entnehmen Sie bitte der Beitragsordnung. M\u00f6chten Sie ein Anmeldeformular, welches Sie per Hand ausf\u00fcllen k\u00f6nnen, so wenden Sie sich bitte an die Gesch\u00e4ftsstelle: geschaeftsstelle@vfl-zehlendorf.de Nach der Anmeldung erhalten Sie eine Best\u00e4tigung von der Gesch\u00e4ftsstelle. Beitr\u00e4ge Siehe Beitragsordnung Kontoverbindung VfL Zehlendorf e.V.: Mittelbrandenburgische [&hellip;]<\/p>\n","protected":false},"author":2,"featured_media":0,"parent":0,"menu_order":0,"comment_status":"closed","ping_status":"closed","template":"","meta":{"_acf_changed":false,"site-sidebar-layout":"default","site-content-layout":"","ast-site-content-layout":"default","site-content-style":"default","site-sidebar-style":"default","ast-global-header-display":"","ast-banner-title-visibility":"","ast-main-header-display":"","ast-hfb-above-header-display":"","ast-hfb-below-header-display":"","ast-hfb-mobile-header-display":"","site-post-title":"","ast-breadcrumbs-content":"","ast-featured-img":"","footer-sml-layout":"","ast-disable-related-posts":"","theme-transparent-header-meta":"","adv-header-id-meta":"","stick-header-meta":"","header-above-stick-meta":"","header-main-stick-meta":"","header-below-stick-meta":"","astra-migrate-meta-layouts":"default","ast-page-background-enabled":"default","ast-page-background-meta":{"desktop":{"background-color":"var(--ast-global-color-5)","background-image":"","background-repeat":"repeat","background-position":"center center","background-size":"auto","background-attachment":"scroll","background-type":"","background-media":"","overlay-type":"","overlay-color":"","overlay-opacity":"","overlay-gradient":""},"tablet":{"background-color":"","background-image":"","background-repeat":"repeat","background-position":"center center","background-size":"auto","background-attachment":"scroll","background-type":"","background-media":"","overlay-type":"","overlay-color":"","overlay-opacity":"","overlay-gradient":""},"mobile":{"background-color":"","background-image":"","background-repeat":"repeat","background-position":"center center","background-size":"auto","background-attachment":"scroll","background-type":"","background-media":"","overlay-type":"","overlay-color":"","overlay-opacity":"","overlay-gradient":""}},"ast-content-background-meta":{"desktop":{"background-color":"var(--ast-global-color-4)","background-image":"","background-repeat":"repeat","background-position":"center center","background-size":"auto","background-attachment":"scroll","background-type":"","background-media":"","overlay-type":"","overlay-color":"","overlay-opacity":"","overlay-gradient":""},"tablet":{"background-color":"var(--ast-global-color-4)","background-image":"","background-repeat":"repeat","background-position":"center center","background-size":"auto","background-attachment":"scroll","background-type":"","background-media":"","overlay-type":"","overlay-color":"","overlay-opacity":"","overlay-gradient":""},"mobile":{"background-color":"var(--ast-global-color-4)","background-image":"","background-repeat":"repeat","background-position":"center center","background-size":"auto","background-attachment":"scroll","background-type":"","background-media":"","overlay-type":"","overlay-color":"","overlay-opacity":"","overlay-gradient":""}},"footnotes":"","_links_to":"","_links_to_target":""},"class_list":["post-78","page","type-page","status-publish","hentry"],"acf":[],"jetpack_sharing_enabled":true,"publishpress_future_action":{"enabled":false,"date":"2026-04-23 20:50:35","action":"change-status","newStatus":"draft","terms":[],"taxonomy":"","extraData":[]},"publishpress_future_workflow_manual_trigger":{"enabledWorkflows":[]},"_links":{"self":[{"href":"https:\/\/vfl-zehlendorf.de\/wp-json\/wp\/v2\/pages\/78","targetHints":{"allow":["GET"]}}],"collection":[{"href":"https:\/\/vfl-zehlendorf.de\/wp-json\/wp\/v2\/pages"}],"about":[{"href":"https:\/\/vfl-zehlendorf.de\/wp-json\/wp\/v2\/types\/page"}],"author":[{"embeddable":true,"href":"https:\/\/vfl-zehlendorf.de\/wp-json\/wp\/v2\/users\/2"}],"replies":[{"embeddable":true,"href":"https:\/\/vfl-zehlendorf.de\/wp-json\/wp\/v2\/comments?post=78"}],"version-history":[{"count":20,"href":"https:\/\/vfl-zehlendorf.de\/wp-json\/wp\/v2\/pages\/78\/revisions"}],"predecessor-version":[{"id":4069,"href":"https:\/\/vfl-zehlendorf.de\/wp-json\/wp\/v2\/pages\/78\/revisions\/4069"}],"wp:attachment":[{"href":"https:\/\/vfl-zehlendorf.de\/wp-json\/wp\/v2\/media?parent=78"}],"curies":[{"name":"wp","href":"https:\/\/api.w.org\/{rel}","templated":true}]}}